{"id":3,"date":"2020-03-01T10:16:57","date_gmt":"2020-03-01T10:16:57","guid":{"rendered":"http:\/\/keyboard.onlinekurs.pl\/?page_id=3"},"modified":"2020-03-01T20:28:01","modified_gmt":"2020-03-01T19:28:01","slug":"polityka-prywatnosci","status":"publish","type":"page","link":"http:\/\/keyboard.onlinekurs.pl\/index.php\/polityka-prywatnosci\/","title":{"rendered":"Polityka prywatno\u015bci"},"content":{"rendered":"\n<p>Adres naszej strony internetowej to: http:\/\/keyboard.onlinekurs.pl.<\/p>\n\n\n\n<p>Szanujemy Twoje dane osobowe!<\/p>\n\n\n\n<p>Korzystaj\u0105c w jakikolwiek spos\u00f3b z\n serwisu znajduj\u0105cego si\u0119 pod niniejszym adresem akceptujesz zasady \nzawarte w Polityce Prywatno\u015bci znajduj\u0105cej si\u0119 na niniejszej stronie. \nZastrzegamy sobie prawo do wprowadzania zmian w Polityce Prywatno\u015bci. \nZmiany te nie wp\u0142ywaj\u0105 na podstawowa zasad\u0119: Nigdy nie udost\u0119pniamy \nosobom trzecim danych u\u017cytkownik\u00f3w tego serwisu! Zawsze masz prawo do \nzmiany lub usuni\u0119cia swoich danych z bazy serwisu. Zastrzegamy sobie \nprawo do wysy\u0142ania wiadomo\u015bci osobom, kt\u00f3rych dane kontaktowe \nuzyskali\u015bmy, dzi\u0119ki dzia\u0142alno\u015bci zwi\u0105zanej z tym serwisem. Mog\u0105 by\u0107 to \ninformacje odnosz\u0105ce si\u0119 bezpo\u015brednio do serwisu (np. nowo\u015bci, promocje,\n oferty specjalne), niekomercyjne listy (np. \u017cyczenia, komentarze \nosobiste) oraz informacje komercyjne, kt\u00f3rych rozsy\u0142ka dotyczy ebookow, \npublikacji tradycyjnych (ksi\u0105\u017cek), kurs\u00f3w i ofert specjalnych. Polityka \nCookiesSerwis nie zbiera w spos\u00f3b automatyczny \u017cadnych informacji, z \nwyj\u0105tkiem informacji zawartych w plikach cookies. Pliki cookies (tzw. \n\u201eciasteczka\u201d) stanowi\u0105 dane informatyczne, w szczeg\u00f3lno\u015bci pliki \ntekstowe, kt\u00f3re przechowywane s\u0105 w urz\u0105dzeniu ko\u0144cowym U\u017cytkownika \nSerwisu i przeznaczone s\u0105 do korzystania ze stron internetowych Serwisu.\n Cookies zazwyczaj zawieraj\u0105 nazw\u0119 strony internetowej, z kt\u00f3rej \npochodz\u0105, czas przechowywania ich na urz\u0105dzeniu ko\u0144cowym oraz unikalny \nnumer. <\/p>\n\n\n\n<p>Pliki cookies wykorzystywane s\u0105 w celu: <\/p>\n\n\n\n<p>a) \ndostosowania zawarto\u015bci stron internetowych Serwisu do preferencji \nU\u017cytkownika oraz optymalizacji korzystania ze stron internetowych; w \nszczeg\u00f3lno\u015bci pliki te pozwalaj\u0105 rozpozna\u0107 urz\u0105dzenie U\u017cytkownika \nSerwisu i odpowiednio wy\u015bwietli\u0107 stron\u0119 internetow\u0105, dostosowan\u0105 do jego\n indywidualnych potrzeb; <\/p>\n\n\n\n<p>b) tworzenia statystyk, kt\u00f3re pomagaj\u0105 \nzrozumie\u0107, w jaki spos\u00f3b U\u017cytkownicy Serwisu korzystaj\u0105 ze stron \ninternetowych, co umo\u017cliwia ulepszanie ich struktury i zawarto\u015bci;<\/p>\n\n\n\n<p>c)\n utrzymanie sesji U\u017cytkownika Serwisu (po zalogowaniu), dzi\u0119ki kt\u00f3rej \nU\u017cytkownik nie musi na ka\u017cdej podstronie Serwisu ponownie wpisywa\u0107 \nloginu i has\u0142a;<\/p>\n\n\n\n<p>W ramach Serwisu stosowane s\u0105 dwa zasadnicze \nrodzaje plik\u00f3w cookies: \u201esesyjne\u201d (session cookies) oraz \u201esta\u0142e\u201d \n(persistent cookies). Cookies \u201esesyjne\u201d s\u0105 plikami tymczasowymi, kt\u00f3re \nprzechowywane s\u0105 w urz\u0105dzeniu ko\u0144cowym U\u017cytkownika do czasu wylogowania,\n opuszczenia strony internetowej lub wy\u0142\u0105czenia oprogramowania \n(przegl\u0105darki internetowej). \u201eSta\u0142e\u201d pliki cookies przechowywane s\u0105 w \nurz\u0105dzeniu ko\u0144cowym U\u017cytkownika przez czas okre\u015blony w parametrach \nplik\u00f3w cookies lub do czasu ich usuni\u0119cia przez U\u017cytkownika. W ramach \nSerwisu stosowane s\u0105 nast\u0119puj\u0105ce rodzaje plik\u00f3w cookies: <\/p>\n\n\n\n<p>a) \n\u201eniezb\u0119dne\u201d pliki cookies, umo\u017cliwiaj\u0105ce korzystanie z us\u0142ug dost\u0119pnych w\n ramach Serwisu, np. uwierzytelniaj\u0105ce pliki cookies wykorzystywane do \nus\u0142ug wymagaj\u0105cych uwierzytelniania w ramach Serwisu;<\/p>\n\n\n\n<p>b) pliki \ncookies s\u0142u\u017c\u0105ce do zapewnienia bezpiecze\u0144stwa, np. wykorzystywane do \nwykrywania nadu\u017cy\u0107 w zakresie uwierzytelniania w ramach Serwisu;<\/p>\n\n\n\n<p>c) \u201ewydajno\u015bciowe\u201d pliki cookies, umo\u017cliwiaj\u0105ce zbieranie informacji o sposobie korzystania ze stron internetowych Serwisu;<\/p>\n\n\n\n<p>d)\n \u201efunkcjonalne\u201d pliki cookies, umo\u017cliwiaj\u0105ce \u201ezapami\u0119tanie\u201d wybranych \nprzez U\u017cytkownika ustawie\u0144 i personalizacj\u0119 interfejsu U\u017cytkownika, np. w\n zakresie wybranego j\u0119zyka lub regionu, z kt\u00f3rego pochodzi U\u017cytkownik, \nrozmiaru czcionki, wygl\u0105du strony internetowej itp.;<\/p>\n\n\n\n<p>e) \n\u201ereklamowe\u201d pliki cookies, umo\u017cliwiaj\u0105ce dostarczanie U\u017cytkownikom \ntre\u015bci reklamowych bardziej dostosowanych do ich zainteresowa\u0144. <\/p>\n\n\n\n<p>W\n wielu przypadkach oprogramowanie s\u0142u\u017c\u0105ce do przegl\u0105dania stron \ninternetowych (przegl\u0105darka internetowa) domy\u015blnie dopuszcza \nprzechowywanie plik\u00f3w cookies w urz\u0105dzeniu ko\u0144cowym U\u017cytkownika. \nU\u017cytkownicy Serwisu mog\u0105 dokona\u0107 w ka\u017cdym czasie zmiany ustawie\u0144 \ndotycz\u0105cych plik\u00f3w cookies. Ustawienia te mog\u0105 zosta\u0107 zmienione w \nszczeg\u00f3lno\u015bci w taki spos\u00f3b, aby blokowa\u0107 automatyczn\u0105 obs\u0142ug\u0119 plik\u00f3w \ncookies w ustawieniach przegl\u0105darki internetowej b\u0105d\u017a informowa\u0107 o ich \nka\u017cdorazowym zamieszczeniu w urz\u0105dzeniu U\u017cytkownika Serwisu. <\/p>\n\n\n\n<p>Szczeg\u00f3\u0142owe\n informacje o mo\u017cliwo\u015bci i sposobach obs\u0142ugi plik\u00f3w cookies dost\u0119pne s\u0105 w\n ustawieniach oprogramowania (przegl\u0105darki internetowej). Operator \nSerwisu informuje, \u017ce ograniczenia stosowania plik\u00f3w cookies mog\u0105 \nwp\u0142yn\u0105\u0107 na niekt\u00f3re funkcjonalno\u015bci dost\u0119pne na stronach internetowych \nSerwisu. Pliki cookies zamieszczane w urz\u0105dzeniu ko\u0144cowym U\u017cytkownika \nSerwisu i wykorzystywane mog\u0105 by\u0107 r\u00f3wnie\u017c przez wsp\u00f3\u0142pracuj\u0105cych z \noperatorem Serwisu reklamodawc\u00f3w oraz partner\u00f3w. <\/p>\n\n\n\n<p>Wi\u0119cej informacji na temat plik\u00f3w cookies dost\u0119pnych jest w sekcji \u201ePomoc\u201d w menu przegl\u0105darki internetowej.<\/p>\n\n\n\n<p><\/p>\n","protected":false},"excerpt":{"rendered":"<p>Adres naszej strony internetowej to: http:\/\/keyboard.onlinekurs.pl. Szanujemy Twoje dane osobowe! Korzystaj\u0105c w jakikolwiek spos\u00f3b z serwisu znajduj\u0105cego si\u0119 pod niniejszym adresem akceptujesz zasady zawarte w Polityce Prywatno\u015bci znajduj\u0105cej si\u0119 na niniejszej stronie. Zastrzegamy sobie prawo do wprowadzania zmian w Polityce Prywatno\u015bci. Zmiany te nie wp\u0142ywaj\u0105 na podstawowa zasad\u0119: Nigdy nie udost\u0119pniamy osobom trzecim danych u\u017cytkownik\u00f3w&hellip;<a href=\"http:\/\/keyboard.onlinekurs.pl\/index.php\/polityka-prywatnosci\/\" class=\"more-link\">Continue reading <span class=\"screen-reader-text\">Polityka prywatno\u015bci<\/span><\/a><\/p>\n","protected":false},"author":1,"featured_media":0,"parent":0,"menu_order":0,"comment_status":"closed","ping_status":"open","template":"","meta":{"footnotes":""},"class_list":["post-3","page","type-page","status-publish","hentry"],"_links":{"self":[{"href":"http:\/\/keyboard.onlinekurs.pl\/index.php\/wp-json\/wp\/v2\/pages\/3","targetHints":{"allow":["GET"]}}],"collection":[{"href":"http:\/\/keyboard.onlinekurs.pl\/index.php\/wp-json\/wp\/v2\/pages"}],"about":[{"href":"http:\/\/keyboard.onlinekurs.pl\/index.php\/wp-json\/wp\/v2\/types\/page"}],"author":[{"embeddable":true,"href":"http:\/\/keyboard.onlinekurs.pl\/index.php\/wp-json\/wp\/v2\/users\/1"}],"replies":[{"embeddable":true,"href":"http:\/\/keyboard.onlinekurs.pl\/index.php\/wp-json\/wp\/v2\/comments?post=3"}],"version-history":[{"count":1,"href":"http:\/\/keyboard.onlinekurs.pl\/index.php\/wp-json\/wp\/v2\/pages\/3\/revisions"}],"predecessor-version":[{"id":66,"href":"http:\/\/keyboard.onlinekurs.pl\/index.php\/wp-json\/wp\/v2\/pages\/3\/revisions\/66"}],"wp:attachment":[{"href":"http:\/\/keyboard.onlinekurs.pl\/index.php\/wp-json\/wp\/v2\/media?parent=3"}],"curies":[{"name":"wp","href":"https:\/\/api.w.org\/{rel}","templated":true}]}}