{"id":140,"date":"2026-01-02T13:30:25","date_gmt":"2026-01-02T12:30:25","guid":{"rendered":"http:\/\/keyboard.onlinekurs.pl\/?page_id=140"},"modified":"2026-01-02T13:30:25","modified_gmt":"2026-01-02T12:30:25","slug":"informacja-dla-nowych-klientow","status":"publish","type":"page","link":"http:\/\/keyboard.onlinekurs.pl\/index.php\/informacja-dla-nowych-klientow\/","title":{"rendered":"Informacja dla nowych klient\u00f3w"},"content":{"rendered":"\n<p><strong>Witamy Ci\u0119 drogi Kursancie na naszej stronie !!!<\/strong><\/p>\n\n\n\n<p>Po dokonaniu zakupu i zaksi\u0119gowaniu p\u0142atno\u015bci na naszym koncie dost\u0119p do zakupionego produktu otrzymasz w przeci\u0105gu maksymalnie 12 godzin. Zazwyczaj jest to znacznie szybciej i ju\u017c w przeci\u0105gu godziny mo\u017ce cieszy\u0107 si\u0119 swoim nowo nabytym kursem, warsztatami, czy opracowaniem muzycznym.<\/p>\n\n\n\n<p>Wszystkie informacje dotycz\u0105ce dost\u0119pu do zakupionego produktu wysy\u0142amy na wskazanego podczas zakupu maila.<\/p>\n\n\n\n<p><strong>Otrzymasz dwa maile na swoj\u0105 skrzynk\u0119: jedne z informacj\u0105 o utworzeniu konta na naszej platformie edukacyjnej i drugi z instrukcj\u0105 logowania i has\u0142em dost\u0119pu do wykupionego produktu.<\/strong><\/p>\n\n\n\n<p class=\"has-vivid-red-color has-text-color has-link-color wp-elements-21adbc36ad92e2edb88d091dbc5b9b8d\"><strong>Je\u017celi w skrzynce odbiorczej nie znajdziesz wiadomo\u015bci z informacj\u0105 o dost\u0119pie do zakupionego produktu, to koniecznie sprawd\u017a folder spam !!!<\/strong><\/p>\n\n\n\n<p>W razie jakichkolwiek problem\u00f3w technicznych napisz do mnie na: robertkiljanczyk@gmail.com a ja postaram si\u0119 odpowiedzie\u0107 jak najszybciej.<\/p>\n\n\n\n<p><\/p>\n","protected":false},"excerpt":{"rendered":"<p>Witamy Ci\u0119 drogi Kursancie na naszej stronie !!! Po dokonaniu zakupu i zaksi\u0119gowaniu p\u0142atno\u015bci na naszym koncie dost\u0119p do zakupionego produktu otrzymasz w przeci\u0105gu maksymalnie 12 godzin. Zazwyczaj jest to znacznie szybciej i ju\u017c w przeci\u0105gu godziny mo\u017ce cieszy\u0107 si\u0119 swoim nowo nabytym kursem, warsztatami, czy opracowaniem muzycznym. Wszystkie informacje dotycz\u0105ce dost\u0119pu do zakupionego produktu&hellip;<a href=\"http:\/\/keyboard.onlinekurs.pl\/index.php\/informacja-dla-nowych-klientow\/\" class=\"more-link\">Continue reading <span class=\"screen-reader-text\">Informacja dla nowych klient\u00f3w<\/span><\/a><\/p>\n","protected":false},"author":1,"featured_media":0,"parent":0,"menu_order":0,"comment_status":"closed","ping_status":"closed","template":"","meta":{"footnotes":""},"class_list":["post-140","page","type-page","status-publish","hentry"],"_links":{"self":[{"href":"http:\/\/keyboard.onlinekurs.pl\/index.php\/wp-json\/wp\/v2\/pages\/140","targetHints":{"allow":["GET"]}}],"collection":[{"href":"http:\/\/keyboard.onlinekurs.pl\/index.php\/wp-json\/wp\/v2\/pages"}],"about":[{"href":"http:\/\/keyboard.onlinekurs.pl\/index.php\/wp-json\/wp\/v2\/types\/page"}],"author":[{"embeddable":true,"href":"http:\/\/keyboard.onlinekurs.pl\/index.php\/wp-json\/wp\/v2\/users\/1"}],"replies":[{"embeddable":true,"href":"http:\/\/keyboard.onlinekurs.pl\/index.php\/wp-json\/wp\/v2\/comments?post=140"}],"version-history":[{"count":1,"href":"http:\/\/keyboard.onlinekurs.pl\/index.php\/wp-json\/wp\/v2\/pages\/140\/revisions"}],"predecessor-version":[{"id":141,"href":"http:\/\/keyboard.onlinekurs.pl\/index.php\/wp-json\/wp\/v2\/pages\/140\/revisions\/141"}],"wp:attachment":[{"href":"http:\/\/keyboard.onlinekurs.pl\/index.php\/wp-json\/wp\/v2\/media?parent=140"}],"curies":[{"name":"wp","href":"https:\/\/api.w.org\/{rel}","templated":true}]}}